{"id":16,"date":"2025-01-29T22:05:10","date_gmt":"2025-01-29T21:05:10","guid":{"rendered":"https:\/\/amazing-satoshi.194-164-49-227.plesk.page\/?page_id=16"},"modified":"2025-05-04T15:53:52","modified_gmt":"2025-05-04T14:53:52","slug":"startseite","status":"publish","type":"page","link":"https:\/\/freier-redner-hannover.de\/","title":{"rendered":"Startseite"},"content":{"rendered":"<p>[et_pb_section fb_built=&#8220;1&#8243; module_id=&#8220;Start&#8220; _builder_version=&#8220;4.27.4&#8243; _module_preset=&#8220;default&#8220; custom_padding=&#8220;1px|||||&#8220; global_colors_info=&#8220;{}&#8220;][et_pb_row column_structure=&#8220;1_2,1_2&#8243; _builder_version=&#8220;4.27.4&#8243; _module_preset=&#8220;default&#8220; background_color=&#8220;#0C71C3&#8243; width=&#8220;100%&#8220; max_width=&#8220;2560px&#8220; module_alignment=&#8220;center&#8220; global_colors_info=&#8220;{}&#8220;][et_pb_column type=&#8220;1_2&#8243; _builder_version=&#8220;4.27.4&#8243; _module_preset=&#8220;default&#8220; transform_scale_tablet=&#8220;&#8220; transform_scale_phone=&#8220;&#8220; transform_scale_last_edited=&#8220;on|phone&#8220; transform_translate=&#8220;169px|0px&#8220; transform_translate_tablet=&#8220;0px|0px&#8220; transform_translate_phone=&#8220;0px|0px&#8220; transform_translate_last_edited=&#8220;on|tablet&#8220; transform_translate_linked_tablet=&#8220;off&#8220; transform_translate_linked_phone=&#8220;off&#8220; transform_rotate_tablet=&#8220;&#8220; transform_rotate_phone=&#8220;&#8220; transform_rotate_last_edited=&#8220;on|phone&#8220; transform_skew_tablet=&#8220;&#8220; transform_skew_phone=&#8220;&#8220; transform_skew_last_edited=&#8220;on|phone&#8220; transform_origin_tablet=&#8220;&#8220; transform_origin_phone=&#8220;&#8220; transform_origin_last_edited=&#8220;on|phone&#8220; transform_styles_last_edited=&#8220;on|tablet&#8220; transform_styles_tablet=&#8220;&#8220; transform_styles_phone=&#8220;&#8220; global_colors_info=&#8220;{}&#8220;][et_pb_text _builder_version=&#8220;4.27.4&#8243; _module_preset=&#8220;default&#8220; text_text_color=&#8220;#FFFFFF&#8220; header_text_color=&#8220;#FFFFFF&#8220; custom_margin=&#8220;40px|20px|10px|20px|false|true&#8220; custom_padding=&#8220;|20px||20px|false|true&#8220; global_colors_info=&#8220;{}&#8220;]<\/p>\n<h1><strong>Freier Redner f\u00fcr Worte, die verbinden<\/strong><\/h1>\n<p>[\/et_pb_text][et_pb_text _builder_version=&#8220;4.27.4&#8243; _module_preset=&#8220;default&#8220; text_text_color=&#8220;#FFFFFF&#8220; text_font_size=&#8220;18px&#8220; custom_margin=&#8220;|20px||20px|false|true&#8220; custom_padding=&#8220;|20px||20px|false|true&#8220; custom_padding_tablet=&#8220;|20px||20px|false|true&#8220; custom_padding_phone=&#8220;|20px||20px|false|true&#8220; custom_padding_last_edited=&#8220;on|desktop&#8220; global_colors_info=&#8220;{}&#8220;]<\/p>\n<p>Als freier Redner begleite ich Sie mit einf\u00fchlsamen Worten und individuell gestalteten Zeremonien \u2013 sei es bei einer <strong>pers\u00f6nlichen und w\u00fcrdevollen Trauerfeier<\/strong> oder einer <strong>herzlichen und bedeutungsvollen Traufeier<\/strong>. Gemeinsam gestalten wir eine Zeremonie, die Raum f\u00fcr Erinnerungen, Emotionen und pers\u00f6nliche Momente schafft.<\/p>\n<p>Lassen Sie uns zusammen die richtigen Worte finden \u2013 f\u00fcr Abschiede, f\u00fcr Neuanf\u00e4nge, f\u00fcr das, was bleibt.<\/p>\n<p>[\/et_pb_text][\/et_pb_column][et_pb_column type=&#8220;1_2&#8243; _builder_version=&#8220;4.27.4&#8243; _module_preset=&#8220;default&#8220; global_colors_info=&#8220;{}&#8220;][et_pb_image src=&#8220;https:\/\/freier-redner-hannover.de\/wp-content\/uploads\/2025\/01\/Profilbild-1.png&#8220; alt=&#8220;Uwe Dehne&#8220; title_text=&#8220;Profilbild&#8220; _builder_version=&#8220;4.27.4&#8243; _module_preset=&#8220;default&#8220; background_color=&#8220;RGBA(255,255,255,0)&#8220; background_enable_mask_style=&#8220;on&#8220; background_mask_style=&#8220;paint&#8220; background_mask_transform=&#8220;invert|rotate_90_degree&#8220; custom_margin=&#8220;||-27px|||&#8220; hover_enabled=&#8220;0&#8243; global_colors_info=&#8220;{}&#8220; sticky_enabled=&#8220;0&#8243;][\/et_pb_image][\/et_pb_column][\/et_pb_row][\/et_pb_section][et_pb_section fb_built=&#8220;1&#8243; module_id=&#8220;hochzeit&#8220; _builder_version=&#8220;4.27.4&#8243; _module_preset=&#8220;default&#8220; global_colors_info=&#8220;{}&#8220;][et_pb_row column_structure=&#8220;1_2,1_2&#8243; _builder_version=&#8220;4.27.4&#8243; _module_preset=&#8220;default&#8220; global_colors_info=&#8220;{}&#8220;][et_pb_column type=&#8220;1_2&#8243; _builder_version=&#8220;4.27.4&#8243; _module_preset=&#8220;default&#8220; global_colors_info=&#8220;{}&#8220;][et_pb_image src=&#8220;https:\/\/freier-redner-hannover.de\/wp-content\/uploads\/2025\/01\/eugenia-pankiv-1Bs2sZ9fD2Q-unsplash.jpg&#8220; alt=&#8220;Brautpaar, dass den Blick in die Ferne schweifen l\u00e4sst&#8220; title_text=&#8220;Brautpaar, dass den Blick in die Ferne schweifen l\u00e4sst&#8220; _builder_version=&#8220;4.27.4&#8243; _module_preset=&#8220;default&#8220; hover_enabled=&#8220;0&#8243; border_radii=&#8220;on|10px|10px|10px|10px&#8220; global_colors_info=&#8220;{}&#8220; sticky_enabled=&#8220;0&#8243;][\/et_pb_image][\/et_pb_column][et_pb_column type=&#8220;1_2&#8243; _builder_version=&#8220;4.27.4&#8243; _module_preset=&#8220;default&#8220; global_colors_info=&#8220;{}&#8220;][et_pb_text _builder_version=&#8220;4.27.4&#8243; _module_preset=&#8220;default&#8220; global_colors_info=&#8220;{}&#8220;]<\/p>\n<h3><strong>Ihre Liebe, Ihre Geschichte \u2013 Ihre individuelle Trauung<\/strong><\/h3>\n<p data-start=\"89\" data-end=\"451\" class=\"\">Ihre Liebe ist einzigartig \u2013 und genau so sollte auch Ihre Trauung sein. Ob romantisch, humorvoll, feierlich oder ganz unkonventionell: Als <strong>freier Redner<\/strong> gestalte ich Ihre Hochzeitszeremonie ganz nach Ihren W\u00fcnschen und sorge daf\u00fcr, dass sie genauso unvergesslich wird wie Ihre gemeinsame Geschichte.<\/p>\n<p data-start=\"453\" data-end=\"725\" class=\"\">Eine <strong>freie Trauung<\/strong> gibt Ihnen die Freiheit, den sch\u00f6nsten Moment Ihres Lebens ganz pers\u00f6nlich und individuell zu feiern \u2013 unabh\u00e4ngig von Konventionen, Religion oder festen Abl\u00e4ufen. Gemeinsam finden wir die richtigen Worte, die Ihr Ja-Wort zu etwas ganz Besonderem machen.<\/p>\n<p data-start=\"727\" data-end=\"878\" class=\"\">Mit Herz, Feingef\u00fchl und einer Prise Humor erz\u00e4hle ich Ihre Geschichte und schaffe eine Atmosph\u00e4re voller Liebe und Emotionen \u2013 f\u00fcr Sie und Ihre G\u00e4ste.<\/p>\n<p data-start=\"880\" data-end=\"935\" class=\"\">Lassen Sie uns gemeinsam Ihre Traumzeremonie gestalten!<\/p>\n<p>[\/et_pb_text][\/et_pb_column][\/et_pb_row][\/et_pb_section][et_pb_section fb_built=&#8220;1&#8243; module_id=&#8220;trauer&#8220; _builder_version=&#8220;4.27.4&#8243; _module_preset=&#8220;default&#8220; global_colors_info=&#8220;{}&#8220;][et_pb_row column_structure=&#8220;1_2,1_2&#8243; _builder_version=&#8220;4.27.4&#8243; _module_preset=&#8220;default&#8220; global_colors_info=&#8220;{}&#8220;][et_pb_column type=&#8220;1_2&#8243; _builder_version=&#8220;4.27.4&#8243; _module_preset=&#8220;default&#8220; global_colors_info=&#8220;{}&#8220;][et_pb_text _builder_version=&#8220;4.27.4&#8243; _module_preset=&#8220;default&#8220; global_colors_info=&#8220;{}&#8220;]<\/p>\n<h3><strong>Ein w\u00fcrdevoller Abschied \u2013 mit Worten, die ber\u00fchren<\/strong><\/h3>\n<p data-start=\"96\" data-end=\"373\" class=\"\">Worte k\u00f6nnen den Schmerz nicht nehmen, aber sie k\u00f6nnen Trost spenden, Erinnerungen bewahren und die Pers\u00f6nlichkeit der oder des Verstorbenen auf besondere Weise ehren.<\/p>\n<p data-start=\"375\" data-end=\"677\" class=\"\">Als freier Trauerredner begleite ich Sie in dieser schweren Zeit und gestalte eine pers\u00f6nliche, w\u00fcrdevolle und individuelle Trauerfeier, die das Leben Ihres Angeh\u00f6rigen in den Mittelpunkt stellt \u2013 mit einf\u00fchlsamen Worten, liebevollen Erinnerungen und einer Zeremonie, die genau zu Ihrem Abschied passt.<\/p>\n<p data-start=\"679\" data-end=\"838\" class=\"\">Gemeinsam schaffen wir einen Moment des Gedenkens, des Dankes und der Wertsch\u00e4tzung \u2013 ganz nach Ihren W\u00fcnschen und den Vorstellungen der oder des Verstorbenen.<\/p>\n<p data-start=\"840\" data-end=\"893\" class=\"\"><strong data-start=\"840\" data-end=\"893\">Ich stehe Ihnen mit Herz und Erfahrung zur Seite.<\/strong><\/p>\n<p>[\/et_pb_text][\/et_pb_column][et_pb_column type=&#8220;1_2&#8243; _builder_version=&#8220;4.27.4&#8243; _module_preset=&#8220;default&#8220; global_colors_info=&#8220;{}&#8220;][et_pb_image src=&#8220;https:\/\/freier-redner-hannover.de\/wp-content\/uploads\/2025\/01\/caroline-attwood-IRCrSj-fj28-unsplash.jpg&#8220; alt=&#8220;Blumen am Grab&#8220; title_text=&#8220;Blumen am Grab&#8220; _builder_version=&#8220;4.27.4&#8243; _module_preset=&#8220;default&#8220; hover_enabled=&#8220;0&#8243; border_radii=&#8220;on|10px|10px|10px|10px&#8220; global_colors_info=&#8220;{}&#8220; sticky_enabled=&#8220;0&#8243;][\/et_pb_image][\/et_pb_column][\/et_pb_row][\/et_pb_section][et_pb_section fb_built=&#8220;1&#8243; _builder_version=&#8220;4.27.4&#8243; _module_preset=&#8220;default&#8220; global_colors_info=&#8220;{}&#8220;][et_pb_row column_structure=&#8220;2_5,3_5&#8243; _builder_version=&#8220;4.27.4&#8243; _module_preset=&#8220;default&#8220; global_colors_info=&#8220;{}&#8220;][et_pb_column type=&#8220;2_5&#8243; _builder_version=&#8220;4.27.4&#8243; _module_preset=&#8220;default&#8220; global_colors_info=&#8220;{}&#8220;][et_pb_divider show_divider=&#8220;off&#8220; _builder_version=&#8220;4.27.4&#8243; _module_preset=&#8220;default&#8220; height=&#8220;100px&#8220; global_colors_info=&#8220;{}&#8220;][\/et_pb_divider][et_pb_heading title=&#8220;Von der ersten Begegnung bis zur fertigen Rede &#8211; mein Ablauf im \u00dcberblick&#8220; module_class=&#8220;vertikal-zentrieren&#8220; _builder_version=&#8220;4.27.4&#8243; _module_preset=&#8220;default&#8220; global_colors_info=&#8220;{}&#8220;][\/et_pb_heading][\/et_pb_column][et_pb_column type=&#8220;3_5&#8243; _builder_version=&#8220;4.27.4&#8243; _module_preset=&#8220;default&#8220; global_colors_info=&#8220;{}&#8220;][et_pb_text _builder_version=&#8220;4.27.4&#8243; _module_preset=&#8220;default&#8220; global_colors_info=&#8220;{}&#8220;]<\/p>\n<ol>\n<li data-start=\"105\" data-end=\"355\">Ob Hochzeit, Abschiedsfeier oder ein anderer besonderer Anlass \u2013 im Vorfeld lege ich gro\u00dfen Wert auf ein pers\u00f6nliches Gespr\u00e4ch, idealerweise mit der Familie und den engsten Vertrauten. Dieses Gespr\u00e4ch ist ein essenzieller Bestandteil meiner Arbeit.<\/li>\n<li data-start=\"105\" data-end=\"355\">Gemeinsam entsteht ein Bild der Person oder des Moments, der im Mittelpunkt der Rede steht. Familie, Partner oder Freunde teilen ihre Erinnerungen, Gef\u00fchle und W\u00fcnsche mit mir. Dabei hilft mir ein bew\u00e4hrtes Konzept, um gezielt nachzufragen und eine stimmige Rede zu gestalten.<\/li>\n<li data-start=\"105\" data-end=\"355\">Es darf gelacht, gel\u00e4chelt oder auch geweint werden \u2013 je nach Anlass und Emotionen, die damit verbunden sind. Auch Herausforderungen und besondere Erlebnisse finden ihren Platz. W\u00fcnsche und Ideen nehme ich auf, sodass am Ende eine Rede entsteht, die den Moment w\u00fcrdig und authentisch einf\u00e4ngt und die ich mit meinen Worten umsetze.<\/li>\n<\/ol>\n<p>[\/et_pb_text][\/et_pb_column][\/et_pb_row][\/et_pb_section][et_pb_section fb_built=&#8220;1&#8243; _builder_version=&#8220;4.27.4&#8243; _module_preset=&#8220;default&#8220; global_colors_info=&#8220;{}&#8220;][et_pb_row column_structure=&#8220;1_4,1_2,1_4&#8243; _builder_version=&#8220;4.27.4&#8243; _module_preset=&#8220;default&#8220; global_colors_info=&#8220;{}&#8220;][et_pb_column type=&#8220;1_4&#8243; _builder_version=&#8220;4.27.4&#8243; _module_preset=&#8220;default&#8220; global_colors_info=&#8220;{}&#8220;][\/et_pb_column][et_pb_column type=&#8220;1_2&#8243; _builder_version=&#8220;4.27.4&#8243; _module_preset=&#8220;default&#8220; global_colors_info=&#8220;{}&#8220;][et_pb_heading title=&#8220;Das sagen meine Kunden&#8220; _builder_version=&#8220;4.27.4&#8243; _module_preset=&#8220;default&#8220; title_text_align=&#8220;center&#8220; global_colors_info=&#8220;{}&#8220;][\/et_pb_heading][\/et_pb_column][et_pb_column type=&#8220;1_4&#8243; _builder_version=&#8220;4.27.4&#8243; _module_preset=&#8220;default&#8220; global_colors_info=&#8220;{}&#8220;][\/et_pb_column][\/et_pb_row][et_pb_row column_structure=&#8220;1_2,1_2&#8243; _builder_version=&#8220;4.27.4&#8243; _module_preset=&#8220;default&#8220; global_colors_info=&#8220;{}&#8220;][et_pb_column type=&#8220;1_2&#8243; _builder_version=&#8220;4.27.4&#8243; _module_preset=&#8220;default&#8220; global_colors_info=&#8220;{}&#8220;][et_pb_testimonial author=&#8220;Michael Traue (5 Sterne Google Bewertung)&#8220; _builder_version=&#8220;4.27.4&#8243; _module_preset=&#8220;default&#8220; global_colors_info=&#8220;{}&#8220;]<\/p>\n<p><span>Vielen Dank f\u00fcr Ihre Anteilnahme an der Trauerfeier meines Bruders am gestrigen Tag!<\/span><\/p>\n<p><span>Schon bei der gemeinsamen Vorbereitung der Beisetzung herrschte eine angenehme und vertrauensvolle Atmosph\u00e4re.<\/span><\/p>\n<p><span>Ich kann Herrn Dehne uneingeschr\u00e4nkt empfehlen!<\/span><\/p>\n<p><span>Vielen Dank!<\/span><\/p>\n<p>[\/et_pb_testimonial][\/et_pb_column][et_pb_column type=&#8220;1_2&#8243; _builder_version=&#8220;4.27.4&#8243; _module_preset=&#8220;default&#8220; global_colors_info=&#8220;{}&#8220;][et_pb_testimonial author=&#8220;S. K\u00f6lker (5 Sterne Google Bewertung)&#8220; portrait_url=&#8220;data:image\/svg+xml;base64,PHN2ZyB3aWR0aD0iNTAwIiBoZWlnaHQ9IjUwMCIgdmlld0JveD0iMCAwIDUwMCA1MDAiIHhtbG5zPSJodHRwOi8vd3d3LnczLm9yZy8yMDAwL3N2ZyI+CiAgICA8ZyBmaWxsPSJub25lIiBmaWxsLXJ1bGU9ImV2ZW5vZGQiPgogICAgICAgIDxwYXRoIGZpbGw9IiNFQkVCRUIiIGQ9Ik0wIDBoNTAwdjUwMEgweiIvPgogICAgICAgIDxyZWN0IGZpbGwtb3BhY2l0eT0iLjEiIGZpbGw9IiMwMDAiIHg9IjY4IiB5PSIzMDUiIHdpZHRoPSIzNjQiIGhlaWdodD0iNTY4IiByeD0iMTgyIi8+CiAgICAgICAgPGNpcmNsZSBmaWxsLW9wYWNpdHk9Ii4xIiBmaWxsPSIjMDAwIiBjeD0iMjQ5IiBjeT0iMTcyIiByPSIxMDAiLz4KICAgIDwvZz4KPC9zdmc+Cg==&#8220; _builder_version=&#8220;4.27.4&#8243; _module_preset=&#8220;default&#8220; global_colors_info=&#8220;{}&#8220;]<\/p>\n<p><span>Herr Dehne hat eine sehr bewegende Rede auf der Trauerfeier meiner Mutter gehalten. Die Trauerg\u00e4ste waren ebenfalls sehr angetan von der einf\u00fchlsamen, angenehmen Art, mit der Herr Dehne an meine Mutter erinnert hat.<\/span><br \/><span>Herr Dehne, ich m\u00f6chte mich von Herzen bei Ihnen bedanken. Sie haben mir an diesem schweren Tag sehr beigestanden.<\/span><\/p>\n<p>[\/et_pb_testimonial][et_pb_testimonial author=&#8220;Phillip Sch (5 Sterne Google Bewertung)&#8220; portrait_url=&#8220;data:image\/svg+xml;base64,PHN2ZyB3aWR0aD0iNTAwIiBoZWlnaHQ9IjUwMCIgdmlld0JveD0iMCAwIDUwMCA1MDAiIHhtbG5zPSJodHRwOi8vd3d3LnczLm9yZy8yMDAwL3N2ZyI+CiAgICA8ZyBmaWxsPSJub25lIiBmaWxsLXJ1bGU9ImV2ZW5vZGQiPgogICAgICAgIDxwYXRoIGZpbGw9IiNFQkVCRUIiIGQ9Ik0wIDBoNTAwdjUwMEgweiIvPgogICAgICAgIDxyZWN0IGZpbGwtb3BhY2l0eT0iLjEiIGZpbGw9IiMwMDAiIHg9IjY4IiB5PSIzMDUiIHdpZHRoPSIzNjQiIGhlaWdodD0iNTY4IiByeD0iMTgyIi8+CiAgICAgICAgPGNpcmNsZSBmaWxsLW9wYWNpdHk9Ii4xIiBmaWxsPSIjMDAwIiBjeD0iMjQ5IiBjeT0iMTcyIiByPSIxMDAiLz4KICAgIDwvZz4KPC9zdmc+Cg==&#8220; _builder_version=&#8220;4.27.4&#8243; _module_preset=&#8220;default&#8220; global_colors_info=&#8220;{}&#8220;]<\/p>\n<p><span>Wir haben Uwe als unseren Trauredner engagiert und ihn als sehr herzlichen, liebenswerten Menschen kennengelernt.<\/span><br \/><span>Uns hat seine Rede sehr bewegt und sie hat sehr gut zu uns als Paar gepasst.<\/span><br \/><span>S\u00e4mtliche R\u00fcckmeldungen der G\u00e4ste waren ebenfalls durchweg positiv.<\/span><br \/><span>Ein gro\u00dfes Dankesch\u00f6n an dich Uwe und bleib genau so wie du bist!<\/span><\/p>\n<p>[\/et_pb_testimonial][\/et_pb_column][\/et_pb_row][\/et_pb_section][et_pb_section fb_built=&#8220;1&#8243; module_id=&#8220;kontakt&#8220; _builder_version=&#8220;4.27.4&#8243; _module_preset=&#8220;default&#8220; global_colors_info=&#8220;{}&#8220;][et_pb_row _builder_version=&#8220;4.27.4&#8243; _module_preset=&#8220;default&#8220; global_colors_info=&#8220;{}&#8220;][et_pb_column type=&#8220;4_4&#8243; _builder_version=&#8220;4.27.4&#8243; _module_preset=&#8220;default&#8220; global_colors_info=&#8220;{}&#8220;][et_pb_heading title=&#8220;Ihr direkter Draht zu mir&#8220; _builder_version=&#8220;4.27.4&#8243; _module_preset=&#8220;default&#8220; title_level=&#8220;h2&#8243; title_font=&#8220;|700|||||||&#8220; title_text_align=&#8220;center&#8220; title_text_color=&#8220;#0C71C3&#8243; title_font_size=&#8220;36px&#8220; module_alignment=&#8220;center&#8220; global_colors_info=&#8220;{}&#8220;][\/et_pb_heading][\/et_pb_column][\/et_pb_row][et_pb_row column_structure=&#8220;2_5,3_5&#8243; _builder_version=&#8220;4.27.4&#8243; _module_preset=&#8220;default&#8220; global_colors_info=&#8220;{}&#8220;][et_pb_column type=&#8220;2_5&#8243; _builder_version=&#8220;4.27.4&#8243; _module_preset=&#8220;default&#8220; global_colors_info=&#8220;{}&#8220;][et_pb_image src=&#8220;https:\/\/freier-redner-hannover.de\/wp-content\/uploads\/2025\/04\/Element-1@2x.png&#8220; title_text=&#8220;Uwe Dehne&#8220; _builder_version=&#8220;4.27.4&#8243; _module_preset=&#8220;default&#8220; global_colors_info=&#8220;{}&#8220;][\/et_pb_image][et_pb_text _builder_version=&#8220;4.27.4&#8243; _module_preset=&#8220;default&#8220; text_font_size=&#8220;21px&#8220; global_colors_info=&#8220;{}&#8220;]<\/p>\n<p>Friederikenstra\u00dfe 56 A<br \/>31303 Burgdorf<\/p>\n<p>Tel: 05136-9776495<\/p>\n<p>Mobil: 0151 &#8211; 22311695<br \/>e-Mail:<span>\u00a0<\/span><a href=\"mailto:info@freier-redner-celle.de?subject=Bitte%20kontaktieren%20SIe%20mich\"><span class=\"pbox\">info@freier-redner-celle.de<\/span><\/a><\/p>\n<p>[\/et_pb_text][\/et_pb_column][et_pb_column type=&#8220;3_5&#8243; _builder_version=&#8220;4.27.4&#8243; _module_preset=&#8220;default&#8220; global_colors_info=&#8220;{}&#8220;][et_pb_text _builder_version=&#8220;4.27.4&#8243; _module_preset=&#8220;default&#8220; hover_enabled=&#8220;0&#8243; global_colors_info=&#8220;{}&#8220; sticky_enabled=&#8220;0&#8243;]<\/p>\n\n<div class=\"wpcf7 no-js\" id=\"wpcf7-f56-o1\" lang=\"de-DE\" dir=\"ltr\" data-wpcf7-id=\"56\">\n<div class=\"screen-reader-response\"><p role=\"status\" aria-live=\"polite\" aria-atomic=\"true\"><\/p> <ul><\/ul><\/div>\n<form action=\"\/index.php?rest_route=%2Fwp%2Fv2%2Fpages%2F16#wpcf7-f56-o1\" method=\"post\" class=\"wpcf7-form init\" aria-label=\"Kontaktformular\" novalidate=\"novalidate\" data-status=\"init\">\n<div style=\"display: none;\">\n<input type=\"hidden\" name=\"_wpcf7\" value=\"56\" \/>\n<input type=\"hidden\" name=\"_wpcf7_version\" value=\"6.0.5\" \/>\n<input type=\"hidden\" name=\"_wpcf7_locale\" value=\"de_DE\" \/>\n<input type=\"hidden\" name=\"_wpcf7_unit_tag\" value=\"wpcf7-f56-o1\" \/>\n<input type=\"hidden\" name=\"_wpcf7_container_post\" value=\"0\" \/>\n<input type=\"hidden\" name=\"_wpcf7_posted_data_hash\" value=\"\" \/>\n<\/div>\n<p><label> Dein Name<br \/>\n<span class=\"wpcf7-form-control-wrap\" data-name=\"your-name\"><input size=\"40\" maxlength=\"400\" class=\"wpcf7-form-control wpcf7-text wpcf7-validates-as-required\" autocomplete=\"name\" aria-required=\"true\" aria-invalid=\"false\" value=\"\" type=\"text\" name=\"your-name\" \/><\/span> <\/label>\n<\/p>\n<p><label> Deine E-Mail-Adresse<br \/>\n<span class=\"wpcf7-form-control-wrap\" data-name=\"your-email\"><input size=\"40\" maxlength=\"400\" class=\"wpcf7-form-control wpcf7-email wpcf7-validates-as-required wpcf7-text wpcf7-validates-as-email\" autocomplete=\"email\" aria-required=\"true\" aria-invalid=\"false\" value=\"\" type=\"email\" name=\"your-email\" \/><\/span> <\/label>\n<\/p>\n<p><label> Betreff<br \/>\n<span class=\"wpcf7-form-control-wrap\" data-name=\"your-subject\"><input size=\"40\" maxlength=\"400\" class=\"wpcf7-form-control wpcf7-text wpcf7-validates-as-required\" aria-required=\"true\" aria-invalid=\"false\" value=\"\" type=\"text\" name=\"your-subject\" \/><\/span> <\/label>\n<\/p>\n<p><label> Deine Nachricht (optional)<br \/>\n<span class=\"wpcf7-form-control-wrap\" data-name=\"your-message\"><textarea cols=\"40\" rows=\"10\" maxlength=\"2000\" class=\"wpcf7-form-control wpcf7-textarea\" aria-invalid=\"false\" name=\"your-message\"><\/textarea><\/span> <\/label>\n<\/p>\n<div style=\"display:flex;margin-bottom:20px\">\n\t<div>\n\t\t<p><span class=\"wpcf7-form-control-wrap\" data-name=\"acceptance-502\"><span class=\"wpcf7-form-control wpcf7-acceptance\"><span class=\"wpcf7-list-item\"><input type=\"checkbox\" name=\"acceptance-502\" value=\"1\" aria-invalid=\"false\" \/><\/span><\/span><\/span>\n\t\t<\/p>\n\t<\/div>\n\t<div>\n\t\t<p>Ich habe die Datenschutzerkl\u00e4rung gelesen und erkl\u00e4re mich damit einverstanden, dass die von mir im Kontaktformular eingegebenen Daten elektronisch erhoben und gespeichert werden.\n\t\t<\/p>\n\t<\/div>\n<\/div>\n<p><input class=\"wpcf7-form-control wpcf7-submit has-spinner\" type=\"submit\" value=\"Senden\" \/>\n<\/p><div class=\"wpcf7-response-output\" aria-hidden=\"true\"><\/div>\n<\/form>\n<\/div>\n\n<p>[\/et_pb_text][\/et_pb_column][\/et_pb_row][\/et_pb_section]<\/p>\n","protected":false},"excerpt":{"rendered":"<p>Freier Redner f\u00fcr Worte, die verbindenAls freier Redner begleite ich Sie mit einf\u00fchlsamen Worten und individuell gestalteten Zeremonien \u2013 sei es bei einer pers\u00f6nlichen und w\u00fcrdevollen Trauerfeier oder einer herzlichen und bedeutungsvollen Traufeier. Gemeinsam gestalten wir eine Zeremonie, die Raum f\u00fcr Erinnerungen, Emotionen und pers\u00f6nliche Momente schafft. Lassen Sie uns zusammen die richtigen Worte finden [&hellip;]<\/p>\n","protected":false},"author":1,"featured_media":0,"parent":0,"menu_order":0,"comment_status":"closed","ping_status":"closed","template":"","meta":{"_et_pb_use_builder":"on","_et_pb_old_content":"","_et_gb_content_width":"","footnotes":""},"class_list":["post-16","page","type-page","status-publish","hentry"],"_links":{"self":[{"href":"https:\/\/freier-redner-hannover.de\/index.php?rest_route=\/wp\/v2\/pages\/16","targetHints":{"allow":["GET"]}}],"collection":[{"href":"https:\/\/freier-redner-hannover.de\/index.php?rest_route=\/wp\/v2\/pages"}],"about":[{"href":"https:\/\/freier-redner-hannover.de\/index.php?rest_route=\/wp\/v2\/types\/page"}],"author":[{"embeddable":true,"href":"https:\/\/freier-redner-hannover.de\/index.php?rest_route=\/wp\/v2\/users\/1"}],"replies":[{"embeddable":true,"href":"https:\/\/freier-redner-hannover.de\/index.php?rest_route=%2Fwp%2Fv2%2Fcomments&post=16"}],"version-history":[{"count":27,"href":"https:\/\/freier-redner-hannover.de\/index.php?rest_route=\/wp\/v2\/pages\/16\/revisions"}],"predecessor-version":[{"id":97,"href":"https:\/\/freier-redner-hannover.de\/index.php?rest_route=\/wp\/v2\/pages\/16\/revisions\/97"}],"wp:attachment":[{"href":"https:\/\/freier-redner-hannover.de\/index.php?rest_route=%2Fwp%2Fv2%2Fmedia&parent=16"}],"curies":[{"name":"wp","href":"https:\/\/api.w.org\/{rel}","templated":true}]}}